{"id":7,"date":"2013-12-26T22:22:18","date_gmt":"2013-12-26T21:22:18","guid":{"rendered":"https:\/\/jazzmuk.fr\/?page_id=7"},"modified":"2013-12-26T22:59:21","modified_gmt":"2013-12-26T21:59:21","slug":"a-propos","status":"publish","type":"page","link":"https:\/\/jazzmuk.fr\/?page_id=7","title":{"rendered":"A propos&#8230;"},"content":{"rendered":"<p><a href=\"https:\/\/jazzmuk.fr\/wp-content\/uploads\/2013\/12\/Logo1-V2.png\"><img loading=\"lazy\" decoding=\"async\" class=\"alignright size-full wp-image-6\" alt=\"JazzMUK-Logo\" src=\"https:\/\/jazzmuk.fr\/wp-content\/uploads\/2013\/12\/Logo1-V2.png\" width=\"251\" height=\"194\" \/><\/a>En 2001,\u00a0<strong>Franck Winling<\/strong>, passionn\u00e9 de Jazz, fit r\u00e9unir des musiciens issus de la\u00a0<strong>M<\/strong>usique\u00a0<strong>U<\/strong>nion\u00a0<strong>K<\/strong>ilstett, avec d&rsquo;autres amis musiciens, tous unis par un passion commune : le JAZZ.<\/p>\n<p>C&rsquo;est ainsi qu&rsquo;il donne naissance<br \/>\nau\u00a0<span style=\"color: #3366ff;\"><em><strong>JAZZ MUK<\/strong><\/em><\/span>.<\/p>\n<p>C&rsquo;est une formation de 18 musiciens : une section rythmique (piano, guitare, basse, batterie et percussions), une section cuivres (trompettes, trombones), et une section anches (saxophones et clarinette), qui \u00e0 pour objectif de se faire plaisir et de faire plaisir \u00e0 son public.<\/p>\n<p>Le JazzMUK propose un r\u00e9pertoire tr\u00e8s diversifi\u00e9, couvrant toute l&rsquo;\u00e9tendue du jazz de grande formation, tel que\u00a0<em>Duke Ellington<\/em>,\u00a0<em>Glenn Miller<\/em>, mais aussi\u00a0<em>Sammy Nestico<\/em>\u00a0et\u00a0<em>Count Basie.<\/em><\/p>\n<p>En plus des grands standards du jazz, les auditeurs d\u00e9couvriront \u00e9galement quelques morceaux de vari\u00e9t\u00e9, dans le style funk, rock, samba, bossa nova, salsa, swing, slow, ballade&#8230;<\/p>\n<p>Cette formation se produit dans le cadre de concerts de gala, de festivals, d&rsquo;animation de rues, mais aussi lors de prestations priv\u00e9es, et d\u00e9clenche \u00e0 toutes les occasions, l&rsquo;enthousiasme du public.<\/p>\n","protected":false},"excerpt":{"rendered":"<p>En 2001,\u00a0Franck Winling, passionn\u00e9 de Jazz, fit r\u00e9unir des musiciens issus de la\u00a0Musique\u00a0Union\u00a0Kilstett, avec d&rsquo;autres amis musiciens, tous unis par un passion commune : le JAZZ. C&rsquo;est ainsi qu&rsquo;il donne <a class=\"more-link\" href=\"https:\/\/jazzmuk.fr\/?page_id=7\">Continue Reading &rarr;<\/a><\/p>\n","protected":false},"author":1,"featured_media":0,"parent":0,"menu_order":0,"comment_status":"open","ping_status":"closed","template":"","meta":{"_price":"","_stock":"","_tribe_ticket_header":"","_tribe_default_ticket_provider":"","_tribe_ticket_capacity":"0","_ticket_start_date":"","_ticket_end_date":"","_tribe_ticket_show_description":"","_tribe_ticket_show_not_going":false,"_tribe_ticket_use_global_stock":"","_tribe_ticket_global_stock_level":"","_global_stock_mode":"","_global_stock_cap":"","_tribe_rsvp_for_event":"","_tribe_ticket_going_count":"","_tribe_ticket_not_going_count":"","_tribe_tickets_list":"[]","_tribe_ticket_has_attendee_info_fields":false,"footnotes":"","_tec_slr_enabled":"","_tec_slr_layout":""},"class_list":["post-7","page","type-page","status-publish","hentry"],"ticketed":false,"_links":{"self":[{"href":"https:\/\/jazzmuk.fr\/index.php?rest_route=\/wp\/v2\/pages\/7","targetHints":{"allow":["GET"]}}],"collection":[{"href":"https:\/\/jazzmuk.fr\/index.php?rest_route=\/wp\/v2\/pages"}],"about":[{"href":"https:\/\/jazzmuk.fr\/index.php?rest_route=\/wp\/v2\/types\/page"}],"author":[{"embeddable":true,"href":"https:\/\/jazzmuk.fr\/index.php?rest_route=\/wp\/v2\/users\/1"}],"replies":[{"embeddable":true,"href":"https:\/\/jazzmuk.fr\/index.php?rest_route=%2Fwp%2Fv2%2Fcomments&post=7"}],"version-history":[{"count":1,"href":"https:\/\/jazzmuk.fr\/index.php?rest_route=\/wp\/v2\/pages\/7\/revisions"}],"predecessor-version":[{"id":8,"href":"https:\/\/jazzmuk.fr\/index.php?rest_route=\/wp\/v2\/pages\/7\/revisions\/8"}],"wp:attachment":[{"href":"https:\/\/jazzmuk.fr\/index.php?rest_route=%2Fwp%2Fv2%2Fmedia&parent=7"}],"curies":[{"name":"wp","href":"https:\/\/api.w.org\/{rel}","templated":true}]}}